{"id":123,"date":"2024-10-14T09:50:39","date_gmt":"2024-10-14T09:50:39","guid":{"rendered":"https:\/\/www.itdlakazdego.com.pl\/?page_id=123"},"modified":"2026-02-19T12:48:15","modified_gmt":"2026-02-19T12:48:15","slug":"strona-glowna","status":"publish","type":"page","link":"https:\/\/www.itdlakazdego.com.pl\/","title":{"rendered":"Strona G\u0142\u00f3wna"},"content":{"rendered":"\t\t<div data-elementor-type=\"wp-page\" data-elementor-id=\"123\" class=\"elementor elementor-123\">\n\t\t\t\t<div class=\"elementor-element elementor-element-c6ca9a7 e-flex e-con-boxed e-con e-parent\" data-id=\"c6ca9a7\" data-element_type=\"container\" data-e-type=\"container\">\n\t\t\t\t\t<div class=\"e-con-inner\">\n\t\t<div class=\"elementor-element elementor-element-20ffe80 e-con-full e-flex elementor-invisible e-con e-child\" data-id=\"20ffe80\" data-element_type=\"container\" data-e-type=\"container\" data-settings=\"{&quot;animation&quot;:&quot;fadeInDown&quot;}\">\n\t\t\t\t<div class=\"elementor-element elementor-element-6cfc266 elementor-widget elementor-widget-text-editor\" data-id=\"6cfc266\" data-element_type=\"widget\" data-e-type=\"widget\" data-widget_type=\"text-editor.default\">\n\t\t\t\t<div class=\"elementor-widget-container\">\n\t\t\t\t\t\t\t\t\t<h2><strong><em>Witam na stronie po\u015bwi\u0119conej bran\u017cy IT, stworzonej z pasji do technologii i nieustannego d\u0105\u017cenia do zdobywania nowej wiedzy! Tutaj znajdziesz informacje, porady i historie zwi\u0105zane z komputerami, serwisem, napraw\u0105 elektroniki oraz zarz\u0105dzaniem sieciami. Niezale\u017cnie od tego, czy jeste\u015b pocz\u0105tkuj\u0105cym entuzjast\u0105, czy do\u015bwiadczonym specjalist\u0105, znajdziesz tu co\u015b dla siebie. Razem odkrywajmy \u015bwiat IT, uczmy si\u0119 i rozwijajmy swoje umiej\u0119tno\u015bci!<\/em><\/strong><\/h2>\t\t\t\t\t\t\t\t<\/div>\n\t\t\t\t<\/div>\n\t\t\t\t<\/div>\n\t\t<div class=\"elementor-element elementor-element-94ff38b e-con-full e-flex elementor-invisible e-con e-child\" data-id=\"94ff38b\" data-element_type=\"container\" data-e-type=\"container\" data-settings=\"{&quot;animation&quot;:&quot;fadeInDown&quot;}\">\n\t\t\t\t<div class=\"elementor-element elementor-element-1dce3a3 elementor-widget elementor-widget-image\" data-id=\"1dce3a3\" data-element_type=\"widget\" data-e-type=\"widget\" data-widget_type=\"image.default\">\n\t\t\t\t<div class=\"elementor-widget-container\">\n\t\t\t\t\t\t\t\t\t\t\t\t\t\t\t<img fetchpriority=\"high\" decoding=\"async\" width=\"683\" height=\"1024\" src=\"https:\/\/www.itdlakazdego.com.pl\/wp-content\/uploads\/2026\/02\/Glowna-683x1024.png\" class=\"attachment-large size-large wp-image-755\" alt=\"\" srcset=\"https:\/\/www.itdlakazdego.com.pl\/wp-content\/uploads\/2026\/02\/Glowna-683x1024.png 683w, https:\/\/www.itdlakazdego.com.pl\/wp-content\/uploads\/2026\/02\/Glowna-200x300.png 200w, https:\/\/www.itdlakazdego.com.pl\/wp-content\/uploads\/2026\/02\/Glowna-768x1152.png 768w, https:\/\/www.itdlakazdego.com.pl\/wp-content\/uploads\/2026\/02\/Glowna.png 1024w\" sizes=\"(max-width: 683px) 100vw, 683px\" \/>\t\t\t\t\t\t\t\t\t\t\t\t\t\t\t<\/div>\n\t\t\t\t<\/div>\n\t\t\t\t<\/div>\n\t\t\t\t\t<\/div>\n\t\t\t\t<\/div>\n\t\t\t\t<\/div>\n\t\t","protected":false},"excerpt":{"rendered":"<p>Witam na stronie po\u015bwi\u0119conej bran\u017cy IT, stworzonej z pasji do technologii i nieustannego d\u0105\u017cenia do zdobywania nowej wiedzy! Tutaj znajdziesz [&hellip;]<\/p>\n","protected":false},"author":1,"featured_media":0,"parent":0,"menu_order":0,"comment_status":"closed","ping_status":"closed","template":"","meta":{"site-sidebar-layout":"no-sidebar","site-content-layout":"","ast-site-content-layout":"normal-width-container","site-content-style":"boxed","site-sidebar-style":"boxed","ast-global-header-display":"","ast-banner-title-visibility":"","ast-main-header-display":"","ast-hfb-above-header-display":"","ast-hfb-below-header-display":"","ast-hfb-mobile-header-display":"","site-post-title":"disabled","ast-breadcrumbs-content":"","ast-featured-img":"disabled","footer-sml-layout":"","ast-disable-related-posts":"","theme-transparent-header-meta":"","adv-header-id-meta":"","stick-header-meta":"","header-above-stick-meta":"","header-main-stick-meta":"","header-below-stick-meta":"","astra-migrate-meta-layouts":"default","ast-page-background-enabled":"default","ast-page-background-meta":{"desktop":{"background-color":"var(--ast-global-color-4)","background-image":"","background-repeat":"repeat","background-position":"center center","background-size":"auto","background-attachment":"scroll","background-type":"","background-media":"","overlay-type":"","overlay-color":"","overlay-opacity":"","overlay-gradient":""},"tablet":{"background-color":"","background-image":"","background-repeat":"repeat","background-position":"center center","background-size":"auto","background-attachment":"scroll","background-type":"","background-media":"","overlay-type":"","overlay-color":"","overlay-opacity":"","overlay-gradient":""},"mobile":{"background-color":"","background-image":"","background-repeat":"repeat","background-position":"center center","background-size":"auto","background-attachment":"scroll","background-type":"","background-media":"","overlay-type":"","overlay-color":"","overlay-opacity":"","overlay-gradient":""}},"ast-content-background-meta":{"desktop":{"background-color":"var(--ast-global-color-5)","background-image":"","background-repeat":"repeat","background-position":"center center","background-size":"auto","background-attachment":"scroll","background-type":"","background-media":"","overlay-type":"","overlay-color":"","overlay-opacity":"","overlay-gradient":""},"tablet":{"background-color":"var(--ast-global-color-5)","background-image":"","background-repeat":"repeat","background-position":"center center","background-size":"auto","background-attachment":"scroll","background-type":"","background-media":"","overlay-type":"","overlay-color":"","overlay-opacity":"","overlay-gradient":""},"mobile":{"background-color":"var(--ast-global-color-5)","background-image":"","background-repeat":"repeat","background-position":"center center","background-size":"auto","background-attachment":"scroll","background-type":"","background-media":"","overlay-type":"","overlay-color":"","overlay-opacity":"","overlay-gradient":""}},"footnotes":""},"class_list":["post-123","page","type-page","status-publish","hentry"],"_links":{"self":[{"href":"https:\/\/www.itdlakazdego.com.pl\/index.php\/wp-json\/wp\/v2\/pages\/123","targetHints":{"allow":["GET"]}}],"collection":[{"href":"https:\/\/www.itdlakazdego.com.pl\/index.php\/wp-json\/wp\/v2\/pages"}],"about":[{"href":"https:\/\/www.itdlakazdego.com.pl\/index.php\/wp-json\/wp\/v2\/types\/page"}],"author":[{"embeddable":true,"href":"https:\/\/www.itdlakazdego.com.pl\/index.php\/wp-json\/wp\/v2\/users\/1"}],"replies":[{"embeddable":true,"href":"https:\/\/www.itdlakazdego.com.pl\/index.php\/wp-json\/wp\/v2\/comments?post=123"}],"version-history":[{"count":192,"href":"https:\/\/www.itdlakazdego.com.pl\/index.php\/wp-json\/wp\/v2\/pages\/123\/revisions"}],"predecessor-version":[{"id":939,"href":"https:\/\/www.itdlakazdego.com.pl\/index.php\/wp-json\/wp\/v2\/pages\/123\/revisions\/939"}],"wp:attachment":[{"href":"https:\/\/www.itdlakazdego.com.pl\/index.php\/wp-json\/wp\/v2\/media?parent=123"}],"curies":[{"name":"wp","href":"https:\/\/api.w.org\/{rel}","templated":true}]}}